{"id":5201,"date":"2021-02-10T16:10:29","date_gmt":"2021-02-10T16:10:29","guid":{"rendered":"https:\/\/cumbrespreschool.edu.co\/?page_id=5201"},"modified":"2021-08-24T22:32:02","modified_gmt":"2021-08-24T22:32:02","slug":"blog-cumbres","status":"publish","type":"page","link":"https:\/\/www.cumbresbogota.edu.co\/preescolar\/blog-cumbres\/","title":{"rendered":"Blog Cumbres"},"content":{"rendered":"<p>[vc_row][vc_column]<div class=\"eltdf-blog-list-holder eltdf-bl-standard eltdf-bl-three-columns eltdf-normal-space eltdf-bl-pag-standard-blog-list\"  data-type=standard data-number-of-posts=9 data-number-of-columns=3 data-space-between-items=normal data-category=blog-cumbres data-order-by=date data-order=DESC data-image-size=esmarts_elated_image_square data-title-tag=h4 data-excerpt-length=40 data-pagination-type=standard-blog-list data-max-num-pages=1 data-next-page=2>\n\t<div class=\"eltdf-bl-wrapper eltdf-outer-space\">\n\t\t<ul class=\"eltdf-blog-list\">\n\t\t\t<li class=\"eltdf-bl-item eltdf-item-space clearfix\">\n\t<div class=\"eltdf-bli-inner\">\n\t\t\n\t<div class=\"eltdf-post-image\">\n\t\t\t\t\t<a itemprop=\"url\" href=\"https:\/\/www.cumbresbogota.edu.co\/preescolar\/2021\/02\/10\/ninos-con-corazon-bueno\/\" title=\"Ni\u00f1os con coraz\u00f3n bueno\">\n\t\t\t\t\t<img width=\"550\" height=\"550\" src=\"https:\/\/www.cumbresbogota.edu.co\/preescolar\/wp-content\/uploads\/2021\/02\/not6-550x550.jpg\" class=\"attachment-esmarts_elated_image_square size-esmarts_elated_image_square wp-post-image\" alt=\"Ni\u00f1os\" decoding=\"async\" loading=\"lazy\" srcset=\"https:\/\/www.cumbresbogota.edu.co\/preescolar\/wp-content\/uploads\/2021\/02\/not6-550x550.jpg 550w, https:\/\/www.cumbresbogota.edu.co\/preescolar\/wp-content\/uploads\/2021\/02\/not6-150x150.jpg 150w\" sizes=\"(max-width: 550px) 100vw, 550px\" \/>\t\t\t\t\t<\/a>\n\t\t\t\t\t<\/div>\n        <div class=\"eltdf-bli-content\">\n\t        \n<h4 itemprop=\"name\" class=\"entry-title eltdf-post-title\" >\n            <a itemprop=\"url\" href=\"https:\/\/www.cumbresbogota.edu.co\/preescolar\/2021\/02\/10\/ninos-con-corazon-bueno\/\" title=\"Ni\u00f1os con coraz\u00f3n bueno\">\n            Ni\u00f1os con coraz\u00f3n bueno            <\/a>\n    <\/h4>            <div class=\"eltdf-bli-info\">\n                <div itemprop=\"dateCreated\" class=\"eltdf-post-info-date entry-date published updated\">\n            <a itemprop=\"url\" href=\"https:\/\/www.cumbresbogota.edu.co\/preescolar\/2021\/02\/\">\n    \n        febrero 10, 2021        <\/a>\n    <meta itemprop=\"interactionCount\" content=\"UserComments: 0\"\/>\n<\/div>                \t<div class=\"eltdf-blog-like\">\n\t\t<a href=\"#\" class=\"eltdf-like\" id=\"eltdf-like-5218-463\" title=\"Like this\"><i class=\"icon_heart_alt\"><\/i><span>0<\/span><\/a>\t<\/div>\n                \t<div class=\"eltdf-post-info-comments-holder\">\n\t\t<a itemprop=\"url\" class=\"eltdf-post-info-comments\" href=\"https:\/\/www.cumbresbogota.edu.co\/preescolar\/2021\/02\/10\/ninos-con-corazon-bueno\/#respond\" target=\"_self\">\n\t\t\t<i class=\"icon_comment\"><\/i>\n\t\t\t0\t\t<\/a>\n\t<\/div>\n                <div class=\"eltdf-post-info-category\">\n    <a href=\"https:\/\/www.cumbresbogota.edu.co\/preescolar\/category\/blog-cumbres\/\" rel=\"category tag\">Blog Cumbres<\/a><\/div>            <\/div>\n\t        \t\t<div class=\"eltdf-post-excerpt-holder\">\n\t\t\t<p itemprop=\"description\" class=\"eltdf-post-excerpt\">\n\t\t\t\tDe acuerdo con el ideario de la madurez aut\u00e9ntica, Cumbres Preschool exige la formaci\u00f3n de la conciencia y voluntad. Para poder formarla, es fundamental aprender a querer el bien, lo que es aut\u00e9nticamente bueno y a ser buenos seres humanos.\r\n\r\nAl\t\t\t<\/p>\n\t\t<\/div>\n\t        <\/div>\n\t<\/div>\n<\/li><li class=\"eltdf-bl-item eltdf-item-space clearfix\">\n\t<div class=\"eltdf-bli-inner\">\n\t\t\n\t<div class=\"eltdf-post-image\">\n\t\t\t\t\t<a itemprop=\"url\" href=\"https:\/\/www.cumbresbogota.edu.co\/preescolar\/2021\/02\/10\/conoce-como-en-el-cumbres-preschool-jugando-el-cerebro-aprende-y-madura\/\" title=\"Conoce c\u00f3mo, en el Cumbres Preschool, jugando el cerebro aprende y madura\">\n\t\t\t\t\t<img width=\"550\" height=\"550\" src=\"https:\/\/www.cumbresbogota.edu.co\/preescolar\/wp-content\/uploads\/2021\/02\/not5-550x550.jpg\" class=\"attachment-esmarts_elated_image_square size-esmarts_elated_image_square wp-post-image\" alt=\"Ni\u00f1os\" decoding=\"async\" loading=\"lazy\" srcset=\"https:\/\/www.cumbresbogota.edu.co\/preescolar\/wp-content\/uploads\/2021\/02\/not5-550x550.jpg 550w, https:\/\/www.cumbresbogota.edu.co\/preescolar\/wp-content\/uploads\/2021\/02\/not5-150x150.jpg 150w\" sizes=\"(max-width: 550px) 100vw, 550px\" \/>\t\t\t\t\t<\/a>\n\t\t\t\t\t<\/div>\n        <div class=\"eltdf-bli-content\">\n\t        \n<h4 itemprop=\"name\" class=\"entry-title eltdf-post-title\" >\n            <a itemprop=\"url\" href=\"https:\/\/www.cumbresbogota.edu.co\/preescolar\/2021\/02\/10\/conoce-como-en-el-cumbres-preschool-jugando-el-cerebro-aprende-y-madura\/\" title=\"Conoce c\u00f3mo, en el Cumbres Preschool, jugando el cerebro aprende y madura\">\n            Conoce c\u00f3mo, en el Cumbres Preschool, jugando el cerebro aprende y madura            <\/a>\n    <\/h4>            <div class=\"eltdf-bli-info\">\n                <div itemprop=\"dateCreated\" class=\"eltdf-post-info-date entry-date published updated\">\n            <a itemprop=\"url\" href=\"https:\/\/www.cumbresbogota.edu.co\/preescolar\/2021\/02\/\">\n    \n        febrero 10, 2021        <\/a>\n    <meta itemprop=\"interactionCount\" content=\"UserComments: 0\"\/>\n<\/div>                \t<div class=\"eltdf-blog-like\">\n\t\t<a href=\"#\" class=\"eltdf-like\" id=\"eltdf-like-5215-759\" title=\"Like this\"><i class=\"icon_heart_alt\"><\/i><span>0<\/span><\/a>\t<\/div>\n                \t<div class=\"eltdf-post-info-comments-holder\">\n\t\t<a itemprop=\"url\" class=\"eltdf-post-info-comments\" href=\"https:\/\/www.cumbresbogota.edu.co\/preescolar\/2021\/02\/10\/conoce-como-en-el-cumbres-preschool-jugando-el-cerebro-aprende-y-madura\/#respond\" target=\"_self\">\n\t\t\t<i class=\"icon_comment\"><\/i>\n\t\t\t0\t\t<\/a>\n\t<\/div>\n                <div class=\"eltdf-post-info-category\">\n    <a href=\"https:\/\/www.cumbresbogota.edu.co\/preescolar\/category\/blog-cumbres\/\" rel=\"category tag\">Blog Cumbres<\/a><\/div>            <\/div>\n\t        \t\t<div class=\"eltdf-post-excerpt-holder\">\n\t\t\t<p itemprop=\"description\" class=\"eltdf-post-excerpt\">\n\t\t\t\tEn los primeros a\u00f1os de vida escolar nuestros ni\u00f1os desarrollan habilidades psicomotoras y sensoriales, pero \u00bfmediante que herramientas se obtienen? En el Cumbres Preschool, no solo se adquieren de maneras pedag\u00f3gicas, de aprendizaje corporal y f\u00edsico, sino tambi\u00e9n mediante herramientas\t\t\t<\/p>\n\t\t<\/div>\n\t        <\/div>\n\t<\/div>\n<\/li>\t\t<\/ul>\n\t<\/div>\n\t<\/div>[\/vc_column][\/vc_row]<\/p>\n","protected":false},"excerpt":{"rendered":"<p>[vc_row][vc_column][\/vc_column][\/vc_row]<\/p>\n","protected":false},"author":1,"featured_media":0,"parent":0,"menu_order":0,"comment_status":"closed","ping_status":"closed","template":"","meta":{"inline_featured_image":false},"yoast_head":"<!-- This site is optimized with the Yoast SEO plugin v20.2 - https:\/\/yoast.com\/wordpress\/plugins\/seo\/ -->\n<title>Blog Cumbres - Cumbres Preschool Bogot\u00e1<\/title>\n<meta name=\"description\" content=\"Aqu\u00ed encontrar\u00e1s art\u00edculos de inter\u00e9s que nuestro equipo preparo para ti.\" \/>\n<meta name=\"robots\" content=\"index, follow, max-snippet:-1, max-image-preview:large, max-video-preview:-1\" \/>\n<link rel=\"canonical\" href=\"https:\/\/www.cumbresbogota.edu.co\/preescolar\/blog-cumbres\/\" \/>\n<meta property=\"og:locale\" content=\"es_ES\" \/>\n<meta property=\"og:type\" content=\"article\" \/>\n<meta property=\"og:title\" content=\"Blog Cumbres - Cumbres Preschool Bogot\u00e1\" \/>\n<meta property=\"og:description\" content=\"Aqu\u00ed encontrar\u00e1s art\u00edculos de inter\u00e9s que nuestro equipo preparo para ti.\" \/>\n<meta property=\"og:url\" content=\"https:\/\/www.cumbresbogota.edu.co\/preescolar\/blog-cumbres\/\" \/>\n<meta property=\"og:site_name\" content=\"Cumbres Preschool Bogot\u00e1\" \/>\n<meta property=\"article:publisher\" content=\"https:\/\/www.facebook.com\/CumbresPreschool\/\" \/>\n<meta property=\"article:modified_time\" content=\"2021-08-24T22:32:02+00:00\" \/>\n<meta property=\"og:image\" content=\"https:\/\/www.cumbresbogota.edu.co\/preescolar\/wp-content\/uploads\/2020\/06\/quienes.jpg\" \/>\n\t<meta property=\"og:image:width\" content=\"1200\" \/>\n\t<meta property=\"og:image:height\" content=\"795\" \/>\n\t<meta property=\"og:image:type\" content=\"image\/jpeg\" \/>\n<meta name=\"twitter:card\" content=\"summary_large_image\" \/>\n<meta name=\"twitter:label1\" content=\"Tiempo de lectura\" \/>\n\t<meta name=\"twitter:data1\" content=\"1 minuto\" \/>\n<script type=\"application\/ld+json\" class=\"yoast-schema-graph\">{\"@context\":\"https:\/\/schema.org\",\"@graph\":[{\"@type\":\"WebPage\",\"@id\":\"https:\/\/www.cumbresbogota.edu.co\/preescolar\/blog-cumbres\/\",\"url\":\"https:\/\/www.cumbresbogota.edu.co\/preescolar\/blog-cumbres\/\",\"name\":\"Blog Cumbres - Cumbres Preschool Bogot\u00e1\",\"isPartOf\":{\"@id\":\"https:\/\/www.cumbresbogota.edu.co\/preescolar\/#website\"},\"datePublished\":\"2021-02-10T16:10:29+00:00\",\"dateModified\":\"2021-08-24T22:32:02+00:00\",\"description\":\"Aqu\u00ed encontrar\u00e1s art\u00edculos de inter\u00e9s que nuestro equipo preparo para ti.\",\"breadcrumb\":{\"@id\":\"https:\/\/www.cumbresbogota.edu.co\/preescolar\/blog-cumbres\/#breadcrumb\"},\"inLanguage\":\"es\",\"potentialAction\":[{\"@type\":\"ReadAction\",\"target\":[\"https:\/\/www.cumbresbogota.edu.co\/preescolar\/blog-cumbres\/\"]}]},{\"@type\":\"BreadcrumbList\",\"@id\":\"https:\/\/www.cumbresbogota.edu.co\/preescolar\/blog-cumbres\/#breadcrumb\",\"itemListElement\":[{\"@type\":\"ListItem\",\"position\":1,\"name\":\"Home\",\"item\":\"https:\/\/www.cumbresbogota.edu.co\/preescolar\/\"},{\"@type\":\"ListItem\",\"position\":2,\"name\":\"Blog Cumbres\"}]},{\"@type\":\"WebSite\",\"@id\":\"https:\/\/www.cumbresbogota.edu.co\/preescolar\/#website\",\"url\":\"https:\/\/www.cumbresbogota.edu.co\/preescolar\/\",\"name\":\"Cumbres Preschool Bogot\u00e1\",\"description\":\"Descubriendo su mundo\",\"publisher\":{\"@id\":\"https:\/\/www.cumbresbogota.edu.co\/preescolar\/#organization\"},\"potentialAction\":[{\"@type\":\"SearchAction\",\"target\":{\"@type\":\"EntryPoint\",\"urlTemplate\":\"https:\/\/www.cumbresbogota.edu.co\/preescolar\/?s={search_term_string}\"},\"query-input\":\"required name=search_term_string\"}],\"inLanguage\":\"es\"},{\"@type\":\"Organization\",\"@id\":\"https:\/\/www.cumbresbogota.edu.co\/preescolar\/#organization\",\"name\":\"Cumbres Preschool Bogot\u00e1\",\"url\":\"https:\/\/www.cumbresbogota.edu.co\/preescolar\/\",\"logo\":{\"@type\":\"ImageObject\",\"inLanguage\":\"es\",\"@id\":\"https:\/\/www.cumbresbogota.edu.co\/preescolar\/#\/schema\/logo\/image\/\",\"url\":\"\",\"contentUrl\":\"\",\"caption\":\"Cumbres Preschool Bogot\u00e1\"},\"image\":{\"@id\":\"https:\/\/www.cumbresbogota.edu.co\/preescolar\/#\/schema\/logo\/image\/\"},\"sameAs\":[\"https:\/\/www.facebook.com\/CumbresPreschool\/\",\"https:\/\/www.instagram.com\/cumbrespreschool\/\",\"https:\/\/www.youtube.com\/channel\/UCoDAk6RUyJviQwp3G34MfgQ\"]}]}<\/script>\n<!-- \/ Yoast SEO plugin. -->","yoast_head_json":{"title":"Blog Cumbres - Cumbres Preschool Bogot\u00e1","description":"Aqu\u00ed encontrar\u00e1s art\u00edculos de inter\u00e9s que nuestro equipo preparo para ti.","robots":{"index":"index","follow":"follow","max-snippet":"max-snippet:-1","max-image-preview":"max-image-preview:large","max-video-preview":"max-video-preview:-1"},"canonical":"https:\/\/www.cumbresbogota.edu.co\/preescolar\/blog-cumbres\/","og_locale":"es_ES","og_type":"article","og_title":"Blog Cumbres - Cumbres Preschool Bogot\u00e1","og_description":"Aqu\u00ed encontrar\u00e1s art\u00edculos de inter\u00e9s que nuestro equipo preparo para ti.","og_url":"https:\/\/www.cumbresbogota.edu.co\/preescolar\/blog-cumbres\/","og_site_name":"Cumbres Preschool Bogot\u00e1","article_publisher":"https:\/\/www.facebook.com\/CumbresPreschool\/","article_modified_time":"2021-08-24T22:32:02+00:00","og_image":[{"width":1200,"height":795,"url":"https:\/\/www.cumbresbogota.edu.co\/preescolar\/wp-content\/uploads\/2020\/06\/quienes.jpg","type":"image\/jpeg"}],"twitter_card":"summary_large_image","twitter_misc":{"Tiempo de lectura":"1 minuto"},"schema":{"@context":"https:\/\/schema.org","@graph":[{"@type":"WebPage","@id":"https:\/\/www.cumbresbogota.edu.co\/preescolar\/blog-cumbres\/","url":"https:\/\/www.cumbresbogota.edu.co\/preescolar\/blog-cumbres\/","name":"Blog Cumbres - Cumbres Preschool Bogot\u00e1","isPartOf":{"@id":"https:\/\/www.cumbresbogota.edu.co\/preescolar\/#website"},"datePublished":"2021-02-10T16:10:29+00:00","dateModified":"2021-08-24T22:32:02+00:00","description":"Aqu\u00ed encontrar\u00e1s art\u00edculos de inter\u00e9s que nuestro equipo preparo para ti.","breadcrumb":{"@id":"https:\/\/www.cumbresbogota.edu.co\/preescolar\/blog-cumbres\/#breadcrumb"},"inLanguage":"es","potentialAction":[{"@type":"ReadAction","target":["https:\/\/www.cumbresbogota.edu.co\/preescolar\/blog-cumbres\/"]}]},{"@type":"BreadcrumbList","@id":"https:\/\/www.cumbresbogota.edu.co\/preescolar\/blog-cumbres\/#breadcrumb","itemListElement":[{"@type":"ListItem","position":1,"name":"Home","item":"https:\/\/www.cumbresbogota.edu.co\/preescolar\/"},{"@type":"ListItem","position":2,"name":"Blog Cumbres"}]},{"@type":"WebSite","@id":"https:\/\/www.cumbresbogota.edu.co\/preescolar\/#website","url":"https:\/\/www.cumbresbogota.edu.co\/preescolar\/","name":"Cumbres Preschool Bogot\u00e1","description":"Descubriendo su mundo","publisher":{"@id":"https:\/\/www.cumbresbogota.edu.co\/preescolar\/#organization"},"potentialAction":[{"@type":"SearchAction","target":{"@type":"EntryPoint","urlTemplate":"https:\/\/www.cumbresbogota.edu.co\/preescolar\/?s={search_term_string}"},"query-input":"required name=search_term_string"}],"inLanguage":"es"},{"@type":"Organization","@id":"https:\/\/www.cumbresbogota.edu.co\/preescolar\/#organization","name":"Cumbres Preschool Bogot\u00e1","url":"https:\/\/www.cumbresbogota.edu.co\/preescolar\/","logo":{"@type":"ImageObject","inLanguage":"es","@id":"https:\/\/www.cumbresbogota.edu.co\/preescolar\/#\/schema\/logo\/image\/","url":"","contentUrl":"","caption":"Cumbres Preschool Bogot\u00e1"},"image":{"@id":"https:\/\/www.cumbresbogota.edu.co\/preescolar\/#\/schema\/logo\/image\/"},"sameAs":["https:\/\/www.facebook.com\/CumbresPreschool\/","https:\/\/www.instagram.com\/cumbrespreschool\/","https:\/\/www.youtube.com\/channel\/UCoDAk6RUyJviQwp3G34MfgQ"]}]}},"_links":{"self":[{"href":"https:\/\/www.cumbresbogota.edu.co\/preescolar\/wp-json\/wp\/v2\/pages\/5201"}],"collection":[{"href":"https:\/\/www.cumbresbogota.edu.co\/preescolar\/wp-json\/wp\/v2\/pages"}],"about":[{"href":"https:\/\/www.cumbresbogota.edu.co\/preescolar\/wp-json\/wp\/v2\/types\/page"}],"author":[{"embeddable":true,"href":"https:\/\/www.cumbresbogota.edu.co\/preescolar\/wp-json\/wp\/v2\/users\/1"}],"replies":[{"embeddable":true,"href":"https:\/\/www.cumbresbogota.edu.co\/preescolar\/wp-json\/wp\/v2\/comments?post=5201"}],"version-history":[{"count":3,"href":"https:\/\/www.cumbresbogota.edu.co\/preescolar\/wp-json\/wp\/v2\/pages\/5201\/revisions"}],"predecessor-version":[{"id":5207,"href":"https:\/\/www.cumbresbogota.edu.co\/preescolar\/wp-json\/wp\/v2\/pages\/5201\/revisions\/5207"}],"wp:attachment":[{"href":"https:\/\/www.cumbresbogota.edu.co\/preescolar\/wp-json\/wp\/v2\/media?parent=5201"}],"curies":[{"name":"wp","href":"https:\/\/api.w.org\/{rel}","templated":true}]}}