{"id":5089,"date":"2020-07-03T12:20:57","date_gmt":"2020-07-03T12:20:57","guid":{"rendered":"https:\/\/cumbrespreschool.edu.co\/?page_id=5089"},"modified":"2021-08-24T22:32:41","modified_gmt":"2021-08-24T22:32:41","slug":"cobu","status":"publish","type":"page","link":"https:\/\/www.cumbresbogota.edu.co\/preescolar\/cobu\/","title":{"rendered":"COBU"},"content":{"rendered":"<p>[vc_row][vc_column][\/vc_column][\/vc_row][vc_row row_content_width=\u00bbgrid\u00bb disable_background_image=\u00bb\u00bb css=\u00bb.vc_custom_1591913366373{padding-top: 100px !important;padding-bottom: 73px !important;}\u00bb simple_background_color=\u00bb#ffffff\u00bb simple_background_image=\u00bb283&#8243;][vc_column width=\u00bb1\/2&#8243;]<div class=\"eltdf-section-title-holder  \" style=\"text-align: left\">\n\t<div class=\"eltdf-st-inner\">\n\t\t\t\t\t\t\t\t\t<h2 class=\"eltdf-st-title\" >\n\t\t\t\t\u00bfQu\u00e9 es COBU?\t\t\t<\/h2>\n\t\t\t\t\t<\/div>\n<\/div>[vc_column_text]<\/p>\n<div class=\"eltdf-section-title-holder \" style=\"text-align: left;\">\n<div class=\"eltdf-st-inner\"><span class=\"eltdf-st-text\"><br \/>\nCOBU es un programa curricular de formaci\u00f3n humana para preescolar. Significa\u00a0<strong>coraz\u00f3n bueno<\/strong>, porque eso es lo que buscamos formar en cada uno de nuestros ni\u00f1os y las personas que est\u00e1n a su alrededor. El programa est\u00e1 dise\u00f1ado para alumnos de preescolar, desde K\u00ednder 2 hasta Kinder 5. Al ingresar a primaria continuar\u00e1n con su formaci\u00f3n acompa\u00f1ados de NET.<br \/>\n<\/span><br \/>\n<span class=\"eltdf-st-text\">Cuenta con un conjunto de herramientas para favorecer la disciplina positiva, las cuales se pueden utilizar en cualquier materia y momento del a\u00f1o escolar. Asimismo, cuenta con estrategias y materiales de vinculaci\u00f3n con la familia, para vivir en casa y con los amigos.<br \/>\n<\/span><br \/>\n<span class=\"eltdf-st-text\">De manera voluntaria y extracurricular, se invita a los padres de familia a formar un club con los ni\u00f1os y reunirse una vez al mes, para realizar una actividad que refuerce lo vivido en clase, de una manera divertida.<br \/>\n<\/span><br \/>\n<span class=\"eltdf-st-text\">Para mayor informaci\u00f3n puedes vivistar la siguiente p\u00e1gina: <a href=\"https:\/\/www.amigosnet.net\/mx\/cobu-preescolar\/\">https:\/\/www.amigosnet.net\/mx\/cobu-preescolar\/<\/a><br \/>\n<\/span><\/div>\n<\/div>\n<p>[\/vc_column_text][vc_empty_space][\/vc_column][vc_column width=\u00bb1\/2&#8243;]<div class=\"eltdf-elements-holder   eltdf-one-column  eltdf-responsive-mode-768 \" ><div class=\"eltdf-eh-item   eltdf-horizontal-alignment-center \"  data-item-class=\"eltdf-eh-custom-1782\">\n\t<div class=\"eltdf-eh-item-inner\">\n\t\t<div class=\"eltdf-eh-item-content eltdf-eh-custom-1782\" style=\"padding: 10% 10% 0 10%\">\n\t\t\t[vc_single_image image=\u00bb5108&#8243; img_size=\u00bbfull\u00bb alignment=\u00bbcenter\u00bb]\t\t<\/div>\n\t<\/div>\n<\/div><\/div><div class=\"eltdf-elements-holder   eltdf-one-column  eltdf-responsive-mode-768 \" ><div class=\"eltdf-eh-item   eltdf-horizontal-alignment-center \"  data-item-class=\"eltdf-eh-custom-9831\">\n\t<div class=\"eltdf-eh-item-inner\">\n\t\t<div class=\"eltdf-eh-item-content eltdf-eh-custom-9831\" style=\"padding: 10% 10% 0 10%\">\n\t\t\t[vc_single_image image=\u00bb5091&#8243; img_size=\u00bbfull\u00bb alignment=\u00bbcenter\u00bb]\t\t<\/div>\n\t<\/div>\n<\/div><\/div>[\/vc_column][\/vc_row][vc_row row_content_width=\u00bbgrid\u00bb css=\u00bb.vc_custom_1594404386430{padding-bottom: 80px !important;}\u00bb][vc_column width=\u00bb1\/6&#8243;][\/vc_column][vc_column width=\u00bb2\/3&#8243;][vc_video link=\u00bbhttps:\/\/www.youtube.com\/watch?v=AqwswlzZczQ\u00bb][\/vc_column][vc_column width=\u00bb1\/6&#8243;][\/vc_column][\/vc_row][vc_row row_content_width=\u00bbgrid\u00bb disable_background_image=\u00bb\u00bb css=\u00bb.vc_custom_1594406947025{padding-top: 80px !important;padding-bottom: 80px !important;}\u00bb simple_background_image=\u00bb1025&#8243;][vc_column width=\u00bb1\/6&#8243;][\/vc_column][vc_column width=\u00bb2\/3&#8243;]<div class=\"eltdf-section-title-holder  \" style=\"text-align: center\">\n\t<div class=\"eltdf-st-inner\">\n\t\t\t\t\t\t\t\t\t<h2 class=\"eltdf-st-title\" >\n\t\t\t\tTestimonios COBU\t\t\t<\/h2>\n\t\t\t\t\t<\/div>\n<\/div>[vc_tta_pageable no_fill_content_area=\u00bb1&#8243; active_section=\u00bb1&#8243; pagination_color=\u00bbblue\u00bb tab_position=\u00bbtop\u00bb][vc_tta_section title=\u00bbSecci\u00f3n 1&#8243; tab_id=\u00bb1594402222902-452ca0e8-59f6&#8243;]<div class=\"eltdf-elements-holder   eltdf-one-column  eltdf-responsive-mode-768 eltdf-one-column-alignment-center\" ><div class=\"eltdf-eh-item   eltdf-horizontal-alignment-center \"  data-item-class=\"eltdf-eh-custom-6847\">\n\t<div class=\"eltdf-eh-item-inner\">\n\t\t<div class=\"eltdf-eh-item-content eltdf-eh-custom-6847\" >\n\t\t\t[vc_column_text]<\/p>\n<div style=\"width: 640px;\" class=\"wp-video\"><!--[if lt IE 9]><script>document.createElement('video');<\/script><![endif]-->\n<video class=\"wp-video-shortcode\" id=\"video-5089-1\" width=\"640\" height=\"352\" preload=\"metadata\" controls=\"controls\"><source type=\"video\/mp4\" src=\"https:\/\/cumbrespreschool.edu.co\/wp-content\/uploads\/2020\/07\/testimonio-video-1.mp4?_=1\" \/><a href=\"https:\/\/cumbrespreschool.edu.co\/wp-content\/uploads\/2020\/07\/testimonio-video-1.mp4\">https:\/\/cumbrespreschool.edu.co\/wp-content\/uploads\/2020\/07\/testimonio-video-1.mp4<\/a><\/video><\/div>\n<p>[\/vc_column_text]\t\t<\/div>\n\t<\/div>\n<\/div><\/div>[\/vc_tta_section][vc_tta_section title=\u00bbSecci\u00f3n 2&#8243; tab_id=\u00bb1594402222922-1ee8f3a3-7569&#8243;][vc_column_text]<\/p>\n<div style=\"width: 640px;\" class=\"wp-video\"><video class=\"wp-video-shortcode\" id=\"video-5089-2\" width=\"640\" height=\"352\" preload=\"metadata\" controls=\"controls\"><source type=\"video\/mp4\" src=\"https:\/\/cumbrespreschool.edu.co\/wp-content\/uploads\/2020\/07\/testimonio-vide-2.mp4?_=2\" \/><a href=\"https:\/\/cumbrespreschool.edu.co\/wp-content\/uploads\/2020\/07\/testimonio-vide-2.mp4\">https:\/\/cumbrespreschool.edu.co\/wp-content\/uploads\/2020\/07\/testimonio-vide-2.mp4<\/a><\/video><\/div>\n<p>[\/vc_column_text][\/vc_tta_section][\/vc_tta_pageable][\/vc_column][vc_column width=\u00bb1\/6&#8243;][\/vc_column][\/vc_row]<\/p>\n","protected":false},"excerpt":{"rendered":"<p>[vc_row][vc_column][\/vc_column][\/vc_row][vc_row row_content_width=\u00bbgrid\u00bb disable_background_image=\u00bb\u00bb css=\u00bb.vc_custom_1591913366373{padding-top: 100px !important;padding-bottom: 73px !important;}\u00bb simple_background_color=\u00bb#ffffff\u00bb simple_background_image=\u00bb283&#8243;][vc_column width=\u00bb1\/2&#8243;][vc_column_text] COBU es un programa curricular de formaci\u00f3n humana para preescolar. Significa\u00a0coraz\u00f3n bueno, porque eso es lo que buscamos formar en cada uno de nuestros ni\u00f1os y las personas que [&hellip;]<\/p>\n","protected":false},"author":1,"featured_media":0,"parent":0,"menu_order":0,"comment_status":"closed","ping_status":"closed","template":"full-width.php","meta":{"inline_featured_image":false},"yoast_head":"<!-- This site is optimized with the Yoast SEO plugin v20.2 - https:\/\/yoast.com\/wordpress\/plugins\/seo\/ -->\n<title>COBU - Cumbres Preschool Bogot\u00e1<\/title>\n<meta name=\"description\" content=\"COBU es un programa curricular de formaci\u00f3n humana para preescolar.El programa est\u00e1 dise\u00f1ado para alumnos de preescolar, desde K\u00ednder 2 hasta Kinder 5.\" \/>\n<meta name=\"robots\" content=\"index, follow, max-snippet:-1, max-image-preview:large, max-video-preview:-1\" \/>\n<link rel=\"canonical\" href=\"https:\/\/www.cumbresbogota.edu.co\/preescolar\/cobu\/\" \/>\n<meta property=\"og:locale\" content=\"es_ES\" \/>\n<meta property=\"og:type\" content=\"article\" \/>\n<meta property=\"og:title\" content=\"COBU - Cumbres Preschool Bogot\u00e1\" \/>\n<meta property=\"og:description\" content=\"COBU es un programa curricular de formaci\u00f3n humana para preescolar.El programa est\u00e1 dise\u00f1ado para alumnos de preescolar, desde K\u00ednder 2 hasta Kinder 5.\" \/>\n<meta property=\"og:url\" content=\"https:\/\/www.cumbresbogota.edu.co\/preescolar\/cobu\/\" \/>\n<meta property=\"og:site_name\" content=\"Cumbres Preschool Bogot\u00e1\" \/>\n<meta property=\"article:publisher\" content=\"https:\/\/www.facebook.com\/CumbresPreschool\/\" \/>\n<meta property=\"article:modified_time\" content=\"2021-08-24T22:32:41+00:00\" \/>\n<meta property=\"og:image\" content=\"https:\/\/www.cumbresbogota.edu.co\/preescolar\/wp-content\/uploads\/2020\/06\/quienes.jpg\" \/>\n\t<meta property=\"og:image:width\" content=\"1200\" \/>\n\t<meta property=\"og:image:height\" content=\"795\" \/>\n\t<meta property=\"og:image:type\" content=\"image\/jpeg\" \/>\n<meta name=\"twitter:card\" content=\"summary_large_image\" \/>\n<meta name=\"twitter:label1\" content=\"Tiempo de lectura\" \/>\n\t<meta name=\"twitter:data1\" content=\"3 minutos\" \/>\n<script type=\"application\/ld+json\" class=\"yoast-schema-graph\">{\"@context\":\"https:\/\/schema.org\",\"@graph\":[{\"@type\":\"WebPage\",\"@id\":\"https:\/\/www.cumbresbogota.edu.co\/preescolar\/cobu\/\",\"url\":\"https:\/\/www.cumbresbogota.edu.co\/preescolar\/cobu\/\",\"name\":\"COBU - Cumbres Preschool Bogot\u00e1\",\"isPartOf\":{\"@id\":\"https:\/\/www.cumbresbogota.edu.co\/preescolar\/#website\"},\"datePublished\":\"2020-07-03T12:20:57+00:00\",\"dateModified\":\"2021-08-24T22:32:41+00:00\",\"description\":\"COBU es un programa curricular de formaci\u00f3n humana para preescolar.El programa est\u00e1 dise\u00f1ado para alumnos de preescolar, desde K\u00ednder 2 hasta Kinder 5.\",\"breadcrumb\":{\"@id\":\"https:\/\/www.cumbresbogota.edu.co\/preescolar\/cobu\/#breadcrumb\"},\"inLanguage\":\"es\",\"potentialAction\":[{\"@type\":\"ReadAction\",\"target\":[\"https:\/\/www.cumbresbogota.edu.co\/preescolar\/cobu\/\"]}]},{\"@type\":\"BreadcrumbList\",\"@id\":\"https:\/\/www.cumbresbogota.edu.co\/preescolar\/cobu\/#breadcrumb\",\"itemListElement\":[{\"@type\":\"ListItem\",\"position\":1,\"name\":\"Home\",\"item\":\"https:\/\/www.cumbresbogota.edu.co\/preescolar\/\"},{\"@type\":\"ListItem\",\"position\":2,\"name\":\"COBU\"}]},{\"@type\":\"WebSite\",\"@id\":\"https:\/\/www.cumbresbogota.edu.co\/preescolar\/#website\",\"url\":\"https:\/\/www.cumbresbogota.edu.co\/preescolar\/\",\"name\":\"Cumbres Preschool Bogot\u00e1\",\"description\":\"Descubriendo su mundo\",\"publisher\":{\"@id\":\"https:\/\/www.cumbresbogota.edu.co\/preescolar\/#organization\"},\"potentialAction\":[{\"@type\":\"SearchAction\",\"target\":{\"@type\":\"EntryPoint\",\"urlTemplate\":\"https:\/\/www.cumbresbogota.edu.co\/preescolar\/?s={search_term_string}\"},\"query-input\":\"required name=search_term_string\"}],\"inLanguage\":\"es\"},{\"@type\":\"Organization\",\"@id\":\"https:\/\/www.cumbresbogota.edu.co\/preescolar\/#organization\",\"name\":\"Cumbres Preschool Bogot\u00e1\",\"url\":\"https:\/\/www.cumbresbogota.edu.co\/preescolar\/\",\"logo\":{\"@type\":\"ImageObject\",\"inLanguage\":\"es\",\"@id\":\"https:\/\/www.cumbresbogota.edu.co\/preescolar\/#\/schema\/logo\/image\/\",\"url\":\"\",\"contentUrl\":\"\",\"caption\":\"Cumbres Preschool Bogot\u00e1\"},\"image\":{\"@id\":\"https:\/\/www.cumbresbogota.edu.co\/preescolar\/#\/schema\/logo\/image\/\"},\"sameAs\":[\"https:\/\/www.facebook.com\/CumbresPreschool\/\",\"https:\/\/www.instagram.com\/cumbrespreschool\/\",\"https:\/\/www.youtube.com\/channel\/UCoDAk6RUyJviQwp3G34MfgQ\"]}]}<\/script>\n<!-- \/ Yoast SEO plugin. -->","yoast_head_json":{"title":"COBU - Cumbres Preschool Bogot\u00e1","description":"COBU es un programa curricular de formaci\u00f3n humana para preescolar.El programa est\u00e1 dise\u00f1ado para alumnos de preescolar, desde K\u00ednder 2 hasta Kinder 5.","robots":{"index":"index","follow":"follow","max-snippet":"max-snippet:-1","max-image-preview":"max-image-preview:large","max-video-preview":"max-video-preview:-1"},"canonical":"https:\/\/www.cumbresbogota.edu.co\/preescolar\/cobu\/","og_locale":"es_ES","og_type":"article","og_title":"COBU - Cumbres Preschool Bogot\u00e1","og_description":"COBU es un programa curricular de formaci\u00f3n humana para preescolar.El programa est\u00e1 dise\u00f1ado para alumnos de preescolar, desde K\u00ednder 2 hasta Kinder 5.","og_url":"https:\/\/www.cumbresbogota.edu.co\/preescolar\/cobu\/","og_site_name":"Cumbres Preschool Bogot\u00e1","article_publisher":"https:\/\/www.facebook.com\/CumbresPreschool\/","article_modified_time":"2021-08-24T22:32:41+00:00","og_image":[{"width":1200,"height":795,"url":"https:\/\/www.cumbresbogota.edu.co\/preescolar\/wp-content\/uploads\/2020\/06\/quienes.jpg","type":"image\/jpeg"}],"twitter_card":"summary_large_image","twitter_misc":{"Tiempo de lectura":"3 minutos"},"schema":{"@context":"https:\/\/schema.org","@graph":[{"@type":"WebPage","@id":"https:\/\/www.cumbresbogota.edu.co\/preescolar\/cobu\/","url":"https:\/\/www.cumbresbogota.edu.co\/preescolar\/cobu\/","name":"COBU - Cumbres Preschool Bogot\u00e1","isPartOf":{"@id":"https:\/\/www.cumbresbogota.edu.co\/preescolar\/#website"},"datePublished":"2020-07-03T12:20:57+00:00","dateModified":"2021-08-24T22:32:41+00:00","description":"COBU es un programa curricular de formaci\u00f3n humana para preescolar.El programa est\u00e1 dise\u00f1ado para alumnos de preescolar, desde K\u00ednder 2 hasta Kinder 5.","breadcrumb":{"@id":"https:\/\/www.cumbresbogota.edu.co\/preescolar\/cobu\/#breadcrumb"},"inLanguage":"es","potentialAction":[{"@type":"ReadAction","target":["https:\/\/www.cumbresbogota.edu.co\/preescolar\/cobu\/"]}]},{"@type":"BreadcrumbList","@id":"https:\/\/www.cumbresbogota.edu.co\/preescolar\/cobu\/#breadcrumb","itemListElement":[{"@type":"ListItem","position":1,"name":"Home","item":"https:\/\/www.cumbresbogota.edu.co\/preescolar\/"},{"@type":"ListItem","position":2,"name":"COBU"}]},{"@type":"WebSite","@id":"https:\/\/www.cumbresbogota.edu.co\/preescolar\/#website","url":"https:\/\/www.cumbresbogota.edu.co\/preescolar\/","name":"Cumbres Preschool Bogot\u00e1","description":"Descubriendo su mundo","publisher":{"@id":"https:\/\/www.cumbresbogota.edu.co\/preescolar\/#organization"},"potentialAction":[{"@type":"SearchAction","target":{"@type":"EntryPoint","urlTemplate":"https:\/\/www.cumbresbogota.edu.co\/preescolar\/?s={search_term_string}"},"query-input":"required name=search_term_string"}],"inLanguage":"es"},{"@type":"Organization","@id":"https:\/\/www.cumbresbogota.edu.co\/preescolar\/#organization","name":"Cumbres Preschool Bogot\u00e1","url":"https:\/\/www.cumbresbogota.edu.co\/preescolar\/","logo":{"@type":"ImageObject","inLanguage":"es","@id":"https:\/\/www.cumbresbogota.edu.co\/preescolar\/#\/schema\/logo\/image\/","url":"","contentUrl":"","caption":"Cumbres Preschool Bogot\u00e1"},"image":{"@id":"https:\/\/www.cumbresbogota.edu.co\/preescolar\/#\/schema\/logo\/image\/"},"sameAs":["https:\/\/www.facebook.com\/CumbresPreschool\/","https:\/\/www.instagram.com\/cumbrespreschool\/","https:\/\/www.youtube.com\/channel\/UCoDAk6RUyJviQwp3G34MfgQ"]}]}},"_links":{"self":[{"href":"https:\/\/www.cumbresbogota.edu.co\/preescolar\/wp-json\/wp\/v2\/pages\/5089"}],"collection":[{"href":"https:\/\/www.cumbresbogota.edu.co\/preescolar\/wp-json\/wp\/v2\/pages"}],"about":[{"href":"https:\/\/www.cumbresbogota.edu.co\/preescolar\/wp-json\/wp\/v2\/types\/page"}],"author":[{"embeddable":true,"href":"https:\/\/www.cumbresbogota.edu.co\/preescolar\/wp-json\/wp\/v2\/users\/1"}],"replies":[{"embeddable":true,"href":"https:\/\/www.cumbresbogota.edu.co\/preescolar\/wp-json\/wp\/v2\/comments?post=5089"}],"version-history":[{"count":20,"href":"https:\/\/www.cumbresbogota.edu.co\/preescolar\/wp-json\/wp\/v2\/pages\/5089\/revisions"}],"predecessor-version":[{"id":5113,"href":"https:\/\/www.cumbresbogota.edu.co\/preescolar\/wp-json\/wp\/v2\/pages\/5089\/revisions\/5113"}],"wp:attachment":[{"href":"https:\/\/www.cumbresbogota.edu.co\/preescolar\/wp-json\/wp\/v2\/media?parent=5089"}],"curies":[{"name":"wp","href":"https:\/\/api.w.org\/{rel}","templated":true}]}}