{"id":4916,"date":"2020-06-12T16:56:18","date_gmt":"2020-06-12T16:56:18","guid":{"rendered":"https:\/\/cumbrespreschool.viawebrc.com\/?page_id=4916"},"modified":"2022-07-25T15:08:25","modified_gmt":"2022-07-25T15:08:25","slug":"admisiones","status":"publish","type":"page","link":"https:\/\/www.cumbresbogota.edu.co\/preescolar\/admisiones\/","title":{"rendered":"Admisiones"},"content":{"rendered":"<p>[vc_row][vc_column][vc_empty_space][vc_empty_space]<div class=\"eltdf-section-title-holder  \" >\n\t<div class=\"eltdf-st-inner\">\n\t\t\t\t\t\t\t\t\t<h2 class=\"eltdf-st-title\" >\n\t\t\t\tProceso de admisi\u00f3n\t\t\t<\/h2>\n\t\t\t\t\t<\/div>\n<\/div>[vc_empty_space][\/vc_column][\/vc_row][vc_row][vc_column width=\u00bb2\/3&#8243;][vc_single_image image=\u00bb6110&#8243; img_size=\u00bb60&#215;60&#8243; alignment=\u00bbcenter\u00bb][vc_row_inner][vc_column_inner width=\u00bb1\/6&#8243;][vc_single_image image=\u00bb4936&#8243; img_size=\u00bb60&#215;60&#8243; alignment=\u00bbcenter\u00bb][\/vc_column_inner][vc_column_inner width=\u00bb5\/6&#8243;][vc_column_text]Agenda cita de primera entrevista con el \u00e1rea de admisiones.[\/vc_column_text][vc_empty_space height=\u00bb20px\u00bb][\/vc_column_inner][\/vc_row_inner][vc_row_inner][vc_column_inner width=\u00bb1\/6&#8243;][vc_single_image image=\u00bb4937&#8243; img_size=\u00bb60&#215;60&#8243; alignment=\u00bbcenter\u00bb][\/vc_column_inner][vc_column_inner width=\u00bb5\/6&#8243;][vc_column_text]Asiste al colegio para realizar el proceso de valoraci\u00f3n acad\u00e9mica y de orientaci\u00f3n escolar del estudiante postulante en la fecha indicada. (Jueves de 8:30 a.m. \u2013 12:30)[\/vc_column_text][vc_empty_space height=\u00bb20px\u00bb][\/vc_column_inner][\/vc_row_inner][vc_row_inner][vc_column_inner width=\u00bb1\/6&#8243;][vc_single_image image=\u00bb4938&#8243; img_size=\u00bb60&#215;60&#8243; alignment=\u00bbcenter\u00bb][\/vc_column_inner][vc_column_inner width=\u00bb5\/6&#8243;][vc_column_text]Diligencia <strong>completamente<\/strong> los documentos solicitados y env\u00edalos en formato digital al correo: <a href=\"mailto:admisiones@cumbresbogota.edu.co\">admisiones@cumbresbogota.edu.co<\/a>.\u00a0 Apreciamos enviar todos documentos solicitados para dar respuesta oportuna al proceso de admisi\u00f3n del estudiante.[\/vc_column_text][vc_empty_space height=\u00bb20px\u00bb][\/vc_column_inner][\/vc_row_inner][vc_row_inner][vc_column_inner width=\u00bb1\/6&#8243;][vc_single_image image=\u00bb4939&#8243; img_size=\u00bb60&#215;60&#8243; alignment=\u00bbcenter\u00bb][\/vc_column_inner][vc_column_inner width=\u00bb5\/6&#8243;][vc_column_text]Completando los pasos anteriores, el colegio dar\u00e1 respuesta al proceso de admisi\u00f3n en aproximadamente 10 d\u00edas h\u00e1biles.[\/vc_column_text][vc_empty_space height=\u00bb20px\u00bb][\/vc_column_inner][\/vc_row_inner][vc_empty_space][\/vc_column][vc_column width=\u00bb1\/3&#8243; css=\u00bb.vc_custom_1591983598589{padding-top: 40px !important;padding-right: 40px !important;padding-bottom: 40px !important;padding-left: 40px !important;background-color: #4bb7e5 !important;border-radius: 5px !important;}\u00bb][vc_row_inner content_placement=\u00bbmiddle\u00bb content_text_aligment=\u00bbcenter\u00bb][vc_column_inner]<div class=\"eltdf-section-title-holder  \" style=\"text-align: center\">\n\t<div class=\"eltdf-st-inner\">\n\t\t\t\t\t\t\t\t\t<h3 class=\"eltdf-st-title\" style=\"color: #ffffff\">\n\t\t\t\tAgenda la primera entrevista\t\t\t<\/h3>\n\t\t\t\t\t<\/div>\n<\/div>[vc_empty_space]<a itemprop=\"url\" href=\"https:\/\/forms.office.com\/r\/0vcFynnFS5\" target=\"_blank\" style=\"color: #5b5b5b;background-color: #fdda46\" class=\"eltdf-btn eltdf-btn-medium eltdf-btn-solid eltdf-btn-default eltdf-hover-animation\"  >\n    <span class=\"eltdf-btn-text\">Agendar<\/span>\n                <span class=\"eltdf-btn-hover-item\"><\/span>\n    <\/a>[vc_empty_space][\/vc_column_inner][\/vc_row_inner][\/vc_column][\/vc_row][vc_row][vc_column][vc_empty_space][\/vc_column][\/vc_row][vc_row][vc_column width=\u00bb1\/2&#8243;]<div class=\"eltdf-section-title-holder  \" >\n\t<div class=\"eltdf-st-inner\">\n\t\t\t\t\t\t\t\t\t<h2 class=\"eltdf-st-title\" >\n\t\t\t\tDocumentos solicitados\t\t\t<\/h2>\n\t\t\t\t\t<\/div>\n<\/div>[vc_empty_space][vc_column_text]<\/p>\n<ul>\n<li>Formulario de solicitud de ingreso totalmente diligenciado.<\/li>\n<li>Foto familiar reciente.<\/li>\n<li>Tres fotos del estudiante a color, taman\u0303o 3X4 con el nombre al reverso.<\/li>\n<li>Tarjeta de identidad para los mayores de siete (7) an\u0303os.<\/li>\n<li>Registro civil de nacimiento original o copia.<\/li>\n<li>Partida de Bautismo.<\/li>\n<li>Partida de Matrimonio.<\/li>\n<li>Copia documento de identidad de ambos padres.<\/li>\n<li>Copia autenticada u original de las calificaciones de los an\u0303os cursados y Certificado de Estudios. Si su hijo (a) viene del exterior, debe aportarlos traducidos y <strong>apostillados.<\/strong><\/li>\n<\/ul>\n<p>[\/vc_column_text][\/vc_column][vc_column width=\u00bb1\/2&#8243;][vc_empty_space][vc_empty_space][vc_column_text]<\/p>\n<ul>\n<li>Paz y salvo de la institucio\u0301n procedente.<\/li>\n<li>Anexar formato \u201cInforme de institucio\u0301n de procedencia\u201d (se envi\u0301a por correo electro\u0301nico a los padres de familia para que lo entreguen al colegio de procedencia).<\/li>\n<li>Dos cartas de recomendacio\u0301n, de familias que tengan hijos en el colegio.<\/li>\n<li>Po\u0301liza de seguro de vida vigente o medicina propagada del estudiante.<\/li>\n<li>Copia carne\u0301 de vacunacio\u0301n.<\/li>\n<li>Para familias extranjeras: Fotocopia de la visa del estudiante, registro civil del pai\u0301s, fotocopia de la visa Colombiana\u00a0\u00a0\u00a0 vigente de los padres, fotocopia cedula de extranjeri\u0301a de los padres.<\/li>\n<\/ul>\n<p>[\/vc_column_text][\/vc_column][\/vc_row][vc_row][vc_column][vc_empty_space][vc_empty_space]<div class=\"eltdf-section-title-holder  \" >\n\t<div class=\"eltdf-st-inner\">\n\t\t\t\t\t\t\t\t\t<h2 class=\"eltdf-st-title\" >\n\t\t\t\tDocumentos para ambos padres\t\t\t<\/h2>\n\t\t\t\t\t<\/div>\n<\/div>[vc_empty_space][vc_column_text]<strong>Empleados:<\/strong> Certificado laboral indicando salario, cargo, fecha de vinculacio\u0301n, declaracio\u0301n de renta y certificado de ingresos y retenciones.<\/p>\n<p><strong>Independientes:<\/strong> Certificado de existencia y representacio\u0301n legal y declaracio\u0301n de renta.<\/p>\n<p>Anexar comprobante de pago realizado en Bancolombia (Convenio 20350) a nombre de Corporacio\u0301n Cumbres Bogota\u0301, en la referencia de pago se debera\u0301 indicar el nombre y nu\u0301mero de documento de la persona que quedara\u0301 como acudiente o responsable (padre o madre) de los pagos econo\u0301micamente del estudiante: el valor es de ($180.000).<\/p>\n<p>&nbsp;<\/p>\n<p><strong>Nota:<\/strong> Cuando el proceso aplica por ma\u0301s de dos estudiantes, por favor anexar la documentacio\u0301n completa por cada uno de los postulantes.[\/vc_column_text][vc_empty_space height=\u00bb50px\u00bb][\/vc_column][\/vc_row]<\/p>\n","protected":false},"excerpt":{"rendered":"<p>[vc_row][vc_column][vc_empty_space][vc_empty_space][vc_empty_space][\/vc_column][\/vc_row][vc_row][vc_column width=\u00bb2\/3&#8243;][vc_single_image image=\u00bb6110&#8243; img_size=\u00bb60&#215;60&#8243; alignment=\u00bbcenter\u00bb][vc_row_inner][vc_column_inner width=\u00bb1\/6&#8243;][vc_single_image image=\u00bb4936&#8243; img_size=\u00bb60&#215;60&#8243; alignment=\u00bbcenter\u00bb][\/vc_column_inner][vc_column_inner width=\u00bb5\/6&#8243;][vc_column_text]Agenda cita de primera entrevista con el \u00e1rea de admisiones.[\/vc_column_text][vc_empty_space height=\u00bb20px\u00bb][\/vc_column_inner][\/vc_row_inner][vc_row_inner][vc_column_inner width=\u00bb1\/6&#8243;][vc_single_image image=\u00bb4937&#8243; img_size=\u00bb60&#215;60&#8243; alignment=\u00bbcenter\u00bb][\/vc_column_inner][vc_column_inner width=\u00bb5\/6&#8243;][vc_column_text]Asiste al colegio para realizar el proceso de valoraci\u00f3n acad\u00e9mica y de orientaci\u00f3n escolar del estudiante [&hellip;]<\/p>\n","protected":false},"author":1,"featured_media":0,"parent":0,"menu_order":0,"comment_status":"closed","ping_status":"closed","template":"","meta":{"inline_featured_image":false},"yoast_head":"<!-- This site is optimized with the Yoast SEO plugin v20.2 - https:\/\/yoast.com\/wordpress\/plugins\/seo\/ -->\n<title>Admisiones - Cumbres Preschool Bogot\u00e1<\/title>\n<meta name=\"description\" content=\"Agenda tu cita personalizada con el Departamento de Admisiones. Esta cita la podr\u00e1s coordinar de varias formas: por internet, por tel\u00e9fono, por correo.\" \/>\n<meta name=\"robots\" content=\"index, follow, max-snippet:-1, max-image-preview:large, max-video-preview:-1\" \/>\n<link rel=\"canonical\" href=\"https:\/\/www.cumbresbogota.edu.co\/preescolar\/admisiones\/\" \/>\n<meta property=\"og:locale\" content=\"es_ES\" \/>\n<meta property=\"og:type\" content=\"article\" \/>\n<meta property=\"og:title\" content=\"Admisiones - Cumbres Preschool Bogot\u00e1\" \/>\n<meta property=\"og:description\" content=\"Agenda tu cita personalizada con el Departamento de Admisiones. Esta cita la podr\u00e1s coordinar de varias formas: por internet, por tel\u00e9fono, por correo.\" \/>\n<meta property=\"og:url\" content=\"https:\/\/www.cumbresbogota.edu.co\/preescolar\/admisiones\/\" \/>\n<meta property=\"og:site_name\" content=\"Cumbres Preschool Bogot\u00e1\" \/>\n<meta property=\"article:publisher\" content=\"https:\/\/www.facebook.com\/CumbresPreschool\/\" \/>\n<meta property=\"article:modified_time\" content=\"2022-07-25T15:08:25+00:00\" \/>\n<meta property=\"og:image\" content=\"https:\/\/www.cumbresbogota.edu.co\/preescolar\/wp-content\/uploads\/2020\/06\/quienes.jpg\" \/>\n\t<meta property=\"og:image:width\" content=\"1200\" \/>\n\t<meta property=\"og:image:height\" content=\"795\" \/>\n\t<meta property=\"og:image:type\" content=\"image\/jpeg\" \/>\n<meta name=\"twitter:card\" content=\"summary_large_image\" \/>\n<meta name=\"twitter:label1\" content=\"Tiempo de lectura\" \/>\n\t<meta name=\"twitter:data1\" content=\"2 minutos\" \/>\n<script type=\"application\/ld+json\" class=\"yoast-schema-graph\">{\"@context\":\"https:\/\/schema.org\",\"@graph\":[{\"@type\":\"WebPage\",\"@id\":\"https:\/\/www.cumbresbogota.edu.co\/preescolar\/admisiones\/\",\"url\":\"https:\/\/www.cumbresbogota.edu.co\/preescolar\/admisiones\/\",\"name\":\"Admisiones - Cumbres Preschool Bogot\u00e1\",\"isPartOf\":{\"@id\":\"https:\/\/www.cumbresbogota.edu.co\/preescolar\/#website\"},\"datePublished\":\"2020-06-12T16:56:18+00:00\",\"dateModified\":\"2022-07-25T15:08:25+00:00\",\"description\":\"Agenda tu cita personalizada con el Departamento de Admisiones. Esta cita la podr\u00e1s coordinar de varias formas: por internet, por tel\u00e9fono, por correo.\",\"breadcrumb\":{\"@id\":\"https:\/\/www.cumbresbogota.edu.co\/preescolar\/admisiones\/#breadcrumb\"},\"inLanguage\":\"es\",\"potentialAction\":[{\"@type\":\"ReadAction\",\"target\":[\"https:\/\/www.cumbresbogota.edu.co\/preescolar\/admisiones\/\"]}]},{\"@type\":\"BreadcrumbList\",\"@id\":\"https:\/\/www.cumbresbogota.edu.co\/preescolar\/admisiones\/#breadcrumb\",\"itemListElement\":[{\"@type\":\"ListItem\",\"position\":1,\"name\":\"Home\",\"item\":\"https:\/\/www.cumbresbogota.edu.co\/preescolar\/\"},{\"@type\":\"ListItem\",\"position\":2,\"name\":\"Admisiones\"}]},{\"@type\":\"WebSite\",\"@id\":\"https:\/\/www.cumbresbogota.edu.co\/preescolar\/#website\",\"url\":\"https:\/\/www.cumbresbogota.edu.co\/preescolar\/\",\"name\":\"Cumbres Preschool Bogot\u00e1\",\"description\":\"Descubriendo su mundo\",\"publisher\":{\"@id\":\"https:\/\/www.cumbresbogota.edu.co\/preescolar\/#organization\"},\"potentialAction\":[{\"@type\":\"SearchAction\",\"target\":{\"@type\":\"EntryPoint\",\"urlTemplate\":\"https:\/\/www.cumbresbogota.edu.co\/preescolar\/?s={search_term_string}\"},\"query-input\":\"required name=search_term_string\"}],\"inLanguage\":\"es\"},{\"@type\":\"Organization\",\"@id\":\"https:\/\/www.cumbresbogota.edu.co\/preescolar\/#organization\",\"name\":\"Cumbres Preschool Bogot\u00e1\",\"url\":\"https:\/\/www.cumbresbogota.edu.co\/preescolar\/\",\"logo\":{\"@type\":\"ImageObject\",\"inLanguage\":\"es\",\"@id\":\"https:\/\/www.cumbresbogota.edu.co\/preescolar\/#\/schema\/logo\/image\/\",\"url\":\"\",\"contentUrl\":\"\",\"caption\":\"Cumbres Preschool Bogot\u00e1\"},\"image\":{\"@id\":\"https:\/\/www.cumbresbogota.edu.co\/preescolar\/#\/schema\/logo\/image\/\"},\"sameAs\":[\"https:\/\/www.facebook.com\/CumbresPreschool\/\",\"https:\/\/www.instagram.com\/cumbrespreschool\/\",\"https:\/\/www.youtube.com\/channel\/UCoDAk6RUyJviQwp3G34MfgQ\"]}]}<\/script>\n<!-- \/ Yoast SEO plugin. -->","yoast_head_json":{"title":"Admisiones - Cumbres Preschool Bogot\u00e1","description":"Agenda tu cita personalizada con el Departamento de Admisiones. Esta cita la podr\u00e1s coordinar de varias formas: por internet, por tel\u00e9fono, por correo.","robots":{"index":"index","follow":"follow","max-snippet":"max-snippet:-1","max-image-preview":"max-image-preview:large","max-video-preview":"max-video-preview:-1"},"canonical":"https:\/\/www.cumbresbogota.edu.co\/preescolar\/admisiones\/","og_locale":"es_ES","og_type":"article","og_title":"Admisiones - Cumbres Preschool Bogot\u00e1","og_description":"Agenda tu cita personalizada con el Departamento de Admisiones. Esta cita la podr\u00e1s coordinar de varias formas: por internet, por tel\u00e9fono, por correo.","og_url":"https:\/\/www.cumbresbogota.edu.co\/preescolar\/admisiones\/","og_site_name":"Cumbres Preschool Bogot\u00e1","article_publisher":"https:\/\/www.facebook.com\/CumbresPreschool\/","article_modified_time":"2022-07-25T15:08:25+00:00","og_image":[{"width":1200,"height":795,"url":"https:\/\/www.cumbresbogota.edu.co\/preescolar\/wp-content\/uploads\/2020\/06\/quienes.jpg","type":"image\/jpeg"}],"twitter_card":"summary_large_image","twitter_misc":{"Tiempo de lectura":"2 minutos"},"schema":{"@context":"https:\/\/schema.org","@graph":[{"@type":"WebPage","@id":"https:\/\/www.cumbresbogota.edu.co\/preescolar\/admisiones\/","url":"https:\/\/www.cumbresbogota.edu.co\/preescolar\/admisiones\/","name":"Admisiones - Cumbres Preschool Bogot\u00e1","isPartOf":{"@id":"https:\/\/www.cumbresbogota.edu.co\/preescolar\/#website"},"datePublished":"2020-06-12T16:56:18+00:00","dateModified":"2022-07-25T15:08:25+00:00","description":"Agenda tu cita personalizada con el Departamento de Admisiones. Esta cita la podr\u00e1s coordinar de varias formas: por internet, por tel\u00e9fono, por correo.","breadcrumb":{"@id":"https:\/\/www.cumbresbogota.edu.co\/preescolar\/admisiones\/#breadcrumb"},"inLanguage":"es","potentialAction":[{"@type":"ReadAction","target":["https:\/\/www.cumbresbogota.edu.co\/preescolar\/admisiones\/"]}]},{"@type":"BreadcrumbList","@id":"https:\/\/www.cumbresbogota.edu.co\/preescolar\/admisiones\/#breadcrumb","itemListElement":[{"@type":"ListItem","position":1,"name":"Home","item":"https:\/\/www.cumbresbogota.edu.co\/preescolar\/"},{"@type":"ListItem","position":2,"name":"Admisiones"}]},{"@type":"WebSite","@id":"https:\/\/www.cumbresbogota.edu.co\/preescolar\/#website","url":"https:\/\/www.cumbresbogota.edu.co\/preescolar\/","name":"Cumbres Preschool Bogot\u00e1","description":"Descubriendo su mundo","publisher":{"@id":"https:\/\/www.cumbresbogota.edu.co\/preescolar\/#organization"},"potentialAction":[{"@type":"SearchAction","target":{"@type":"EntryPoint","urlTemplate":"https:\/\/www.cumbresbogota.edu.co\/preescolar\/?s={search_term_string}"},"query-input":"required name=search_term_string"}],"inLanguage":"es"},{"@type":"Organization","@id":"https:\/\/www.cumbresbogota.edu.co\/preescolar\/#organization","name":"Cumbres Preschool Bogot\u00e1","url":"https:\/\/www.cumbresbogota.edu.co\/preescolar\/","logo":{"@type":"ImageObject","inLanguage":"es","@id":"https:\/\/www.cumbresbogota.edu.co\/preescolar\/#\/schema\/logo\/image\/","url":"","contentUrl":"","caption":"Cumbres Preschool Bogot\u00e1"},"image":{"@id":"https:\/\/www.cumbresbogota.edu.co\/preescolar\/#\/schema\/logo\/image\/"},"sameAs":["https:\/\/www.facebook.com\/CumbresPreschool\/","https:\/\/www.instagram.com\/cumbrespreschool\/","https:\/\/www.youtube.com\/channel\/UCoDAk6RUyJviQwp3G34MfgQ"]}]}},"_links":{"self":[{"href":"https:\/\/www.cumbresbogota.edu.co\/preescolar\/wp-json\/wp\/v2\/pages\/4916"}],"collection":[{"href":"https:\/\/www.cumbresbogota.edu.co\/preescolar\/wp-json\/wp\/v2\/pages"}],"about":[{"href":"https:\/\/www.cumbresbogota.edu.co\/preescolar\/wp-json\/wp\/v2\/types\/page"}],"author":[{"embeddable":true,"href":"https:\/\/www.cumbresbogota.edu.co\/preescolar\/wp-json\/wp\/v2\/users\/1"}],"replies":[{"embeddable":true,"href":"https:\/\/www.cumbresbogota.edu.co\/preescolar\/wp-json\/wp\/v2\/comments?post=4916"}],"version-history":[{"count":13,"href":"https:\/\/www.cumbresbogota.edu.co\/preescolar\/wp-json\/wp\/v2\/pages\/4916\/revisions"}],"predecessor-version":[{"id":5309,"href":"https:\/\/www.cumbresbogota.edu.co\/preescolar\/wp-json\/wp\/v2\/pages\/4916\/revisions\/5309"}],"wp:attachment":[{"href":"https:\/\/www.cumbresbogota.edu.co\/preescolar\/wp-json\/wp\/v2\/media?parent=4916"}],"curies":[{"name":"wp","href":"https:\/\/api.w.org\/{rel}","templated":true}]}}