{"id":1482,"date":"2020-06-10T13:40:08","date_gmt":"2020-06-10T13:40:08","guid":{"rendered":"http:\/\/esmarts.elated-themes.com\/?page_id=1482"},"modified":"2023-10-10T18:54:58","modified_gmt":"2023-10-10T18:54:58","slug":"quienes-somos","status":"publish","type":"page","link":"https:\/\/www.cumbresbogota.edu.co\/preescolar\/quienes-somos\/","title":{"rendered":"\u00bfQui\u00e9nes somos?"},"content":{"rendered":"<p>[vc_row row_content_width=\u00bbgrid\u00bb disable_background_image=\u00bb\u00bb css=\u00bb.vc_custom_1591913366373{padding-top: 100px !important;padding-bottom: 73px !important;}\u00bb simple_background_color=\u00bb#ffffff\u00bb simple_background_image=\u00bb283&#8243;][vc_column]<div class=\"eltdf-section-title-holder  \" style=\"padding: 0 10%;text-align: center\">\n\t<div class=\"eltdf-st-inner\">\n\t\t\t\t\t\t\t<span class=\"eltdf-st-tagline\" style=\"color: #4bb7e5\">\n\t\t\t\tPRESCHOOL\t\t\t<\/span>\n\t\t\t\t\t\t\t<h2 class=\"eltdf-st-title\" >\n\t\t\t\tQuienes Somos\t\t\t<\/h2>\n\t\t\t\t\t\t\t<span class=\"eltdf-st-text\" >\n\t\t\t\tSabemos que buscas el mejor k\u00ednder para tu hijo. Un lugar donde se sienta como en casa y sea feliz. Nuestro preescolar Cumbres te ofrece un ambiente seguro y divertido, para vivir una experiencia inolvidable compartiendo el crecimiento de los ni\u00f1os, descubriendo sus fortalezas y virtudes para enfrentar el mundo futuro.\t\t\t<\/span>\n\t\t\t<\/div>\n<\/div>[vc_empty_space]<div class=\"eltdf-section-title-holder  \" style=\"padding: 0 10%;text-align: center\">\n\t<div class=\"eltdf-st-inner\">\n\t\t\t\t\t\t\t\t\t\t\t<span class=\"eltdf-st-text\" >\n\t\t\t\tNuestro lema ``SEMPER ALTIUS`` expresa el objetivo que queremos alcanzar para que los ni\u00f1os alcancen, cada d\u00eda, el m\u00e1ximo desarrollo integral, siendo felices y sinti\u00e9ndose seguros.\t\t\t<\/span>\n\t\t\t<\/div>\n<\/div>[vc_empty_space height=\u00bb50px\u00bb][\/vc_column][\/vc_row][vc_row row_content_width=\u00bbgrid\u00bb parallax_background_image=\u00bb1687&#8243; css=\u00bb.vc_custom_1591914123857{padding-top: 60px !important;padding-bottom: 60px !important;}\u00bb][vc_column css=\u00bb.vc_custom_1507212856189{padding-top: 0px !important;}\u00bb offset=\u00bbvc_col-lg-6 vc_col-md-12&#8243;][vc_single_image image=\u00bb4711&#8243; img_size=\u00bbfull\u00bb alignment=\u00bbcenter\u00bb style=\u00bbvc_box_circle_2&#8243;][\/vc_column][vc_column offset=\u00bbvc_col-lg-6 vc_col-md-12&#8243;]<div class=\"eltdf-elements-holder   eltdf-one-column  eltdf-responsive-mode-680 eltdf-one-column-alignment-center\" ><div class=\"eltdf-eh-item    \"  data-item-class=\"eltdf-eh-custom-3981\" data-1280-1600=\"42px 27px 0px 30px\" data-1024-1280=\"10px 27px 0px 30px\" data-768-1024=\"35px 0px 0px 0px\" data-680-768=\"35px 0px 0px 0px\" data-680=\"35px 0px 0px 0px\">\n\t<div class=\"eltdf-eh-item-inner\">\n\t\t<div class=\"eltdf-eh-item-content eltdf-eh-custom-3981\" style=\"padding: 41px 27px 0px 40px\">\n\t\t\t<div class=\"eltdf-section-title-holder  \" style=\"text-align: left\">\n\t<div class=\"eltdf-st-inner\">\n\t\t\t\t\t\t\t\t\t<h3 class=\"eltdf-st-title\" style=\"color: #ffffff\">\n\t\t\t\tRed de Colegios Regnum Christi\t\t\t<\/h3>\n\t\t\t\t\t\t\t<span class=\"eltdf-st-text\" style=\"color: #ffffff;margin-top: 25px\">\n\t\t\t\tPertenecemos a la Red de Colegios de Regnum Christi. Red internacional con m\u00e1s de 65 a\u00f1os de experiencia implementando su metodolog\u00eda centrada en la persona, en 17 pa\u00edses alrededor del mundo.\t\t\t<\/span>\n\t\t\t<\/div>\n<\/div>[vc_empty_space height=\u00bb37px\u00bb][vc_row_inner][vc_column_inner width=\u00bb1\/2&#8243;]<div class=\"eltdf-counter-holder \">\n\t<div class=\"eltdf-counter-inner\">\n\t\t\t\t\t\t\t<span class=\"eltdf-counter eltdf-zero-counter\" style=\"color: #ffffff\">65<\/span>\n\t\t\t\t\t\t\t<h4 class=\"eltdf-counter-title\" style=\"color: #ffffff\">\n\t\t\t\tA\u00f1os de experiencia\t\t\t<\/h4>\n\t\t\t<\/div>\n<\/div>[vc_empty_space height=\u00bb10px\u00bb][\/vc_column_inner][vc_column_inner width=\u00bb1\/2&#8243;]<div class=\"eltdf-counter-holder \">\n\t<div class=\"eltdf-counter-inner\">\n\t\t\t\t\t\t\t<span class=\"eltdf-counter eltdf-zero-counter\" style=\"color: #ffffff\">17<\/span>\n\t\t\t\t\t\t\t<h4 class=\"eltdf-counter-title\" style=\"color: #ffffff\">\n\t\t\t\tPa\u00edses\t\t\t<\/h4>\n\t\t\t<\/div>\n<\/div>[\/vc_column_inner][\/vc_row_inner]\t\t<\/div>\n\t<\/div>\n<\/div><\/div>[\/vc_column][\/vc_row][vc_row row_content_width=\u00bbgrid\u00bb][vc_column][vc_empty_space height=\u00bb50px\u00bb]<div class=\"eltdf-section-title-holder  \" style=\"padding: 0 10%;text-align: center\">\n\t<div class=\"eltdf-st-inner\">\n\t\t\t\t\t\t\t<span class=\"eltdf-st-tagline\" style=\"color: #4bb7e5\">\n\t\t\t\tFAMILIA CUMBRES PRESCHOOL\t\t\t<\/span>\n\t\t\t\t\t\t\t<h2 class=\"eltdf-st-title\" >\n\t\t\t\tTestimonios\t\t\t<\/h2>\n\t\t\t\t\t<\/div>\n<\/div>[vc_empty_space]<div class=\"eltdf-blog-list-holder eltdf-bl-standard eltdf-bl-three-columns eltdf-large-space eltdf-bl-pag-no-pagination\"  data-type=standard data-number-of-posts=-1 data-number-of-columns=3 data-space-between-items=large data-category=testimonios data-order-by=date data-order=ASC data-image-size=full data-title-tag=h3 data-excerpt-length=40 data-pagination-type=no-pagination data-max-num-pages=0 data-next-page=2>\n\t<div class=\"eltdf-bl-wrapper eltdf-outer-space\">\n\t\t<ul class=\"eltdf-blog-list\">\n\t\t\t<li class=\"eltdf-bl-item eltdf-item-space clearfix\">\n\t<div class=\"eltdf-bli-inner\">\n\t\t\n\t<div class=\"eltdf-post-image\">\n\t\t\t\t\t<a itemprop=\"url\" href=\"https:\/\/www.cumbresbogota.edu.co\/preescolar\/2020\/06\/17\/vanessa-heegard\/\" title=\"Vanessa Heegard\">\n\t\t\t\t\t<img width=\"1242\" height=\"1194\" src=\"https:\/\/www.cumbresbogota.edu.co\/preescolar\/wp-content\/uploads\/2020\/06\/WhatsApp-Image-2020-06-17-at-5.07.18-PM.jpeg\" class=\"attachment-full size-full wp-post-image\" alt=\"familia\" decoding=\"async\" loading=\"lazy\" srcset=\"https:\/\/www.cumbresbogota.edu.co\/preescolar\/wp-content\/uploads\/2020\/06\/WhatsApp-Image-2020-06-17-at-5.07.18-PM.jpeg 1242w, https:\/\/www.cumbresbogota.edu.co\/preescolar\/wp-content\/uploads\/2020\/06\/WhatsApp-Image-2020-06-17-at-5.07.18-PM-300x288.jpeg 300w, https:\/\/www.cumbresbogota.edu.co\/preescolar\/wp-content\/uploads\/2020\/06\/WhatsApp-Image-2020-06-17-at-5.07.18-PM-1024x984.jpeg 1024w, https:\/\/www.cumbresbogota.edu.co\/preescolar\/wp-content\/uploads\/2020\/06\/WhatsApp-Image-2020-06-17-at-5.07.18-PM-768x738.jpeg 768w, https:\/\/www.cumbresbogota.edu.co\/preescolar\/wp-content\/uploads\/2020\/06\/WhatsApp-Image-2020-06-17-at-5.07.18-PM-600x577.jpeg 600w\" sizes=\"(max-width: 1242px) 100vw, 1242px\" \/>\t\t\t\t\t<\/a>\n\t\t\t\t\t<\/div>\n        <div class=\"eltdf-bli-content\">\n\t        \n<h3 itemprop=\"name\" class=\"entry-title eltdf-post-title\" >\n            <a itemprop=\"url\" href=\"https:\/\/www.cumbresbogota.edu.co\/preescolar\/2020\/06\/17\/vanessa-heegard\/\" title=\"Vanessa Heegard\">\n            Vanessa Heegard            <\/a>\n    <\/h3>            <div class=\"eltdf-bli-info\">\n                <div itemprop=\"dateCreated\" class=\"eltdf-post-info-date entry-date published updated\">\n            <a itemprop=\"url\" href=\"https:\/\/www.cumbresbogota.edu.co\/preescolar\/2020\/06\/\">\n    \n        junio 17, 2020        <\/a>\n    <meta itemprop=\"interactionCount\" content=\"UserComments: 0\"\/>\n<\/div>                \t<div class=\"eltdf-blog-like\">\n\t\t<a href=\"#\" class=\"eltdf-like\" id=\"eltdf-like-5041-688\" title=\"Like this\"><i class=\"icon_heart_alt\"><\/i><span>0<\/span><\/a>\t<\/div>\n                \t<div class=\"eltdf-post-info-comments-holder\">\n\t\t<a itemprop=\"url\" class=\"eltdf-post-info-comments\" href=\"https:\/\/www.cumbresbogota.edu.co\/preescolar\/2020\/06\/17\/vanessa-heegard\/#respond\" target=\"_self\">\n\t\t\t<i class=\"icon_comment\"><\/i>\n\t\t\t0\t\t<\/a>\n\t<\/div>\n                <div class=\"eltdf-post-info-category\">\n    <a href=\"https:\/\/www.cumbresbogota.edu.co\/preescolar\/category\/testimonios\/\" rel=\"category tag\">Testimonios<\/a><\/div>            <\/div>\n\t        \t\t<div class=\"eltdf-post-excerpt-holder\">\n\t\t\t<p itemprop=\"description\" class=\"eltdf-post-excerpt\">\n\t\t\t\tConocimos de Cumbres por unos amigos y nos enamoramos inmediatamente. Mi hijo menor esta en el Cumbres Preschool y fue la mejor decisi\u00f3n haber escogido Cumbres sobre cualquier otro jard\u00edn. Su formaci\u00f3n Cumbres comenz\u00f3 desde los dos a\u00f1os y es el ni\u00f1o m\u00e1s feliz del mundo. Mis dos hijos son felices y nosotros como padres; contentos, de no solo haber encontrado un excelente colegio y jard\u00edn, sino una familia.<div class=\"eltdf-more-link-container\"><a href=\"https:\/\/www.cumbresbogota.edu.co\/preescolar\/2020\/06\/17\/vanessa-heegard\/#more-5041\" target=\"_self\" class=\"eltdf-btn eltdf-btn-medium eltdf-btn-solid eltdf-btn-default \">    <span class=\"eltdf-btn-text\">Continue reading<\/span>        <\/a><\/div>\n\t\t<\/div>\n\t        <\/div>\n\t<\/div>\n<\/li><li class=\"eltdf-bl-item eltdf-item-space clearfix\">\n\t<div class=\"eltdf-bli-inner\">\n\t\t\n\t<div class=\"eltdf-post-image\">\n\t\t\t\t\t<a itemprop=\"url\" href=\"https:\/\/www.cumbresbogota.edu.co\/preescolar\/2020\/06\/17\/alvaro-borrego\/\" title=\"Alvaro Borrego\">\n\t\t\t\t\t<img width=\"720\" height=\"756\" src=\"https:\/\/www.cumbresbogota.edu.co\/preescolar\/wp-content\/uploads\/2020\/06\/WhatsApp-Image-2020-06-18-at-9.29.17-AM-1.jpeg\" class=\"attachment-full size-full wp-post-image\" alt=\"familia\" decoding=\"async\" loading=\"lazy\" srcset=\"https:\/\/www.cumbresbogota.edu.co\/preescolar\/wp-content\/uploads\/2020\/06\/WhatsApp-Image-2020-06-18-at-9.29.17-AM-1.jpeg 720w, https:\/\/www.cumbresbogota.edu.co\/preescolar\/wp-content\/uploads\/2020\/06\/WhatsApp-Image-2020-06-18-at-9.29.17-AM-1-286x300.jpeg 286w, https:\/\/www.cumbresbogota.edu.co\/preescolar\/wp-content\/uploads\/2020\/06\/WhatsApp-Image-2020-06-18-at-9.29.17-AM-1-600x630.jpeg 600w\" sizes=\"(max-width: 720px) 100vw, 720px\" \/>\t\t\t\t\t<\/a>\n\t\t\t\t\t<\/div>\n        <div class=\"eltdf-bli-content\">\n\t        \n<h3 itemprop=\"name\" class=\"entry-title eltdf-post-title\" >\n            <a itemprop=\"url\" href=\"https:\/\/www.cumbresbogota.edu.co\/preescolar\/2020\/06\/17\/alvaro-borrego\/\" title=\"Alvaro Borrego\">\n            Alvaro Borrego            <\/a>\n    <\/h3>            <div class=\"eltdf-bli-info\">\n                <div itemprop=\"dateCreated\" class=\"eltdf-post-info-date entry-date published updated\">\n            <a itemprop=\"url\" href=\"https:\/\/www.cumbresbogota.edu.co\/preescolar\/2020\/06\/\">\n    \n        junio 17, 2020        <\/a>\n    <meta itemprop=\"interactionCount\" content=\"UserComments: 0\"\/>\n<\/div>                \t<div class=\"eltdf-blog-like\">\n\t\t<a href=\"#\" class=\"eltdf-like\" id=\"eltdf-like-5043-394\" title=\"Like this\"><i class=\"icon_heart_alt\"><\/i><span>0<\/span><\/a>\t<\/div>\n                \t<div class=\"eltdf-post-info-comments-holder\">\n\t\t<a itemprop=\"url\" class=\"eltdf-post-info-comments\" href=\"https:\/\/www.cumbresbogota.edu.co\/preescolar\/2020\/06\/17\/alvaro-borrego\/#respond\" target=\"_self\">\n\t\t\t<i class=\"icon_comment\"><\/i>\n\t\t\t0\t\t<\/a>\n\t<\/div>\n                <div class=\"eltdf-post-info-category\">\n    <a href=\"https:\/\/www.cumbresbogota.edu.co\/preescolar\/category\/testimonios\/\" rel=\"category tag\">Testimonios<\/a><\/div>            <\/div>\n\t        \t\t<div class=\"eltdf-post-excerpt-holder\">\n\t\t\t<p itemprop=\"description\" class=\"eltdf-post-excerpt\">\n\t\t\t\tAqu\u00ed hemos encontrado para nuestros hijos formaci\u00f3n moral y espiritual, un sistema de aprendizaje que desarrolla sus capacidades pero sobre todo que les permiten ser felices mientras aprenden, todo esto, gracias a todas las personas que acompa\u00f1an esta labor y que cuentan con conocimientos pero sobre todo calidad humana. Cumbres tambi\u00e9n nos ha permitido conocer y compartir con familias con quienes tenemos en com\u00fan la visi\u00f3n de formaci\u00f3n integral de nuestros hijos.\r\n\r\n<div class=\"eltdf-more-link-container\"><a href=\"https:\/\/www.cumbresbogota.edu.co\/preescolar\/2020\/06\/17\/alvaro-borrego\/#more-5043\" target=\"_self\" class=\"eltdf-btn eltdf-btn-medium eltdf-btn-solid eltdf-btn-default \">    <span class=\"eltdf-btn-text\">Continue reading<\/span>        <\/a><\/div>\n\t\t<\/div>\n\t        <\/div>\n\t<\/div>\n<\/li><li class=\"eltdf-bl-item eltdf-item-space clearfix\">\n\t<div class=\"eltdf-bli-inner\">\n\t\t\n\t<div class=\"eltdf-post-image\">\n\t\t\t\t\t<a itemprop=\"url\" href=\"https:\/\/www.cumbresbogota.edu.co\/preescolar\/2020\/06\/17\/fadya-suarez\/\" title=\"Fadya Su\u00e1rez\">\n\t\t\t\t\t<img width=\"863\" height=\"779\" src=\"https:\/\/www.cumbresbogota.edu.co\/preescolar\/wp-content\/uploads\/2020\/06\/WhatsApp-Image-2020-06-17-at-5.06.22-PM.jpeg\" class=\"attachment-full size-full wp-post-image\" alt=\"familia\" decoding=\"async\" loading=\"lazy\" srcset=\"https:\/\/www.cumbresbogota.edu.co\/preescolar\/wp-content\/uploads\/2020\/06\/WhatsApp-Image-2020-06-17-at-5.06.22-PM.jpeg 863w, https:\/\/www.cumbresbogota.edu.co\/preescolar\/wp-content\/uploads\/2020\/06\/WhatsApp-Image-2020-06-17-at-5.06.22-PM-300x271.jpeg 300w, https:\/\/www.cumbresbogota.edu.co\/preescolar\/wp-content\/uploads\/2020\/06\/WhatsApp-Image-2020-06-17-at-5.06.22-PM-768x693.jpeg 768w, https:\/\/www.cumbresbogota.edu.co\/preescolar\/wp-content\/uploads\/2020\/06\/WhatsApp-Image-2020-06-17-at-5.06.22-PM-600x542.jpeg 600w\" sizes=\"(max-width: 863px) 100vw, 863px\" \/>\t\t\t\t\t<\/a>\n\t\t\t\t\t<\/div>\n        <div class=\"eltdf-bli-content\">\n\t        \n<h3 itemprop=\"name\" class=\"entry-title eltdf-post-title\" >\n            <a itemprop=\"url\" href=\"https:\/\/www.cumbresbogota.edu.co\/preescolar\/2020\/06\/17\/fadya-suarez\/\" title=\"Fadya Su\u00e1rez\">\n            Fadya Su\u00e1rez            <\/a>\n    <\/h3>            <div class=\"eltdf-bli-info\">\n                <div itemprop=\"dateCreated\" class=\"eltdf-post-info-date entry-date published updated\">\n            <a itemprop=\"url\" href=\"https:\/\/www.cumbresbogota.edu.co\/preescolar\/2020\/06\/\">\n    \n        junio 17, 2020        <\/a>\n    <meta itemprop=\"interactionCount\" content=\"UserComments: 0\"\/>\n<\/div>                \t<div class=\"eltdf-blog-like\">\n\t\t<a href=\"#\" class=\"eltdf-like\" id=\"eltdf-like-5045-226\" title=\"Like this\"><i class=\"icon_heart_alt\"><\/i><span>0<\/span><\/a>\t<\/div>\n                \t<div class=\"eltdf-post-info-comments-holder\">\n\t\t<a itemprop=\"url\" class=\"eltdf-post-info-comments\" href=\"https:\/\/www.cumbresbogota.edu.co\/preescolar\/2020\/06\/17\/fadya-suarez\/#respond\" target=\"_self\">\n\t\t\t<i class=\"icon_comment\"><\/i>\n\t\t\t0\t\t<\/a>\n\t<\/div>\n                <div class=\"eltdf-post-info-category\">\n    <a href=\"https:\/\/www.cumbresbogota.edu.co\/preescolar\/category\/testimonios\/\" rel=\"category tag\">Testimonios<\/a><\/div>            <\/div>\n\t        \t\t<div class=\"eltdf-post-excerpt-holder\">\n\t\t\t<p itemprop=\"description\" class=\"eltdf-post-excerpt\">\n\t\t\t\tNos sentimos muy felices de ser parte de la familia Cumbres, en donde encontramos una formaci\u00f3n cat\u00f3lica para nuestros hijos. Vamos creciendo en este caminar como padres en donde encontramos siempre una gu\u00eda, una ayuda y un apoyo incondicional. Valoramos que para el colegio lo m\u00e1s importante es la persona y que cada uno de nuestros hijos es valorado por lo que es y tratado de forma individual con amor y respeto.<div class=\"eltdf-more-link-container\"><a href=\"https:\/\/www.cumbresbogota.edu.co\/preescolar\/2020\/06\/17\/fadya-suarez\/#more-5045\" target=\"_self\" class=\"eltdf-btn eltdf-btn-medium eltdf-btn-solid eltdf-btn-default \">    <span class=\"eltdf-btn-text\">Continue reading<\/span>        <\/a><\/div>\n\t\t<\/div>\n\t        <\/div>\n\t<\/div>\n<\/li>\t\t<\/ul>\n\t<\/div>\n\t<\/div>[vc_empty_space height=\u00bb50px\u00bb][vc_empty_space][vc_video link=\u00bbhttps:\/\/youtu.be\/b66C1fnfL6Y\u00bb el_width=\u00bb70&#8243; el_aspect=\u00bb43&#8243; align=\u00bbcenter\u00bb css_animation=\u00bbfadeInUp\u00bb][vc_empty_space height=\u00bb50px\u00bb][\/vc_column][\/vc_row][vc_row][vc_column][\/vc_column][\/vc_row]<\/p>\n","protected":false},"excerpt":{"rendered":"<p>[vc_row row_content_width=\u00bbgrid\u00bb disable_background_image=\u00bb\u00bb css=\u00bb.vc_custom_1591913366373{padding-top: 100px !important;padding-bottom: 73px !important;}\u00bb simple_background_color=\u00bb#ffffff\u00bb simple_background_image=\u00bb283&#8243;][vc_column][vc_empty_space][vc_empty_space height=\u00bb50px\u00bb][\/vc_column][\/vc_row][vc_row row_content_width=\u00bbgrid\u00bb parallax_background_image=\u00bb1687&#8243; css=\u00bb.vc_custom_1591914123857{padding-top: 60px !important;padding-bottom: 60px !important;}\u00bb][vc_column css=\u00bb.vc_custom_1507212856189{padding-top: 0px !important;}\u00bb offset=\u00bbvc_col-lg-6 vc_col-md-12&#8243;][vc_single_image image=\u00bb4711&#8243; img_size=\u00bbfull\u00bb alignment=\u00bbcenter\u00bb style=\u00bbvc_box_circle_2&#8243;][\/vc_column][vc_column offset=\u00bbvc_col-lg-6 vc_col-md-12&#8243;][\/vc_column][\/vc_row][vc_row row_content_width=\u00bbgrid\u00bb][vc_column][vc_empty_space height=\u00bb50px\u00bb][vc_empty_space][vc_empty_space height=\u00bb50px\u00bb][vc_empty_space][vc_video link=\u00bbhttps:\/\/youtu.be\/b66C1fnfL6Y\u00bb el_width=\u00bb70&#8243; el_aspect=\u00bb43&#8243; align=\u00bbcenter\u00bb css_animation=\u00bbfadeInUp\u00bb][vc_empty_space height=\u00bb50px\u00bb][\/vc_column][\/vc_row][vc_row][vc_column][\/vc_column][\/vc_row]<\/p>\n","protected":false},"author":1,"featured_media":0,"parent":0,"menu_order":0,"comment_status":"closed","ping_status":"closed","template":"full-width.php","meta":{"inline_featured_image":false},"yoast_head":"<!-- This site is optimized with the Yoast SEO plugin v20.2 - https:\/\/yoast.com\/wordpress\/plugins\/seo\/ -->\n<title>\u00bfQui\u00e9nes somos? - Cumbres Preschool Bogot\u00e1<\/title>\n<meta name=\"description\" content=\"Pertenecemos a la Red de Colegios de Regnum Christi, una red internacional con m\u00e1s de 65 a\u00f1os de experiencia y presentes en 17 pa\u00edses alrededor del mundo.\" \/>\n<meta name=\"robots\" content=\"index, follow, max-snippet:-1, max-image-preview:large, max-video-preview:-1\" \/>\n<link rel=\"canonical\" href=\"https:\/\/www.cumbresbogota.edu.co\/preescolar\/quienes-somos\/\" \/>\n<meta property=\"og:locale\" content=\"es_ES\" \/>\n<meta property=\"og:type\" content=\"article\" \/>\n<meta property=\"og:title\" content=\"\u00bfQui\u00e9nes somos? - Cumbres Preschool Bogot\u00e1\" \/>\n<meta property=\"og:description\" content=\"Pertenecemos a la Red de Colegios de Regnum Christi, una red internacional con m\u00e1s de 65 a\u00f1os de experiencia y presentes en 17 pa\u00edses alrededor del mundo.\" \/>\n<meta property=\"og:url\" content=\"https:\/\/www.cumbresbogota.edu.co\/preescolar\/quienes-somos\/\" \/>\n<meta property=\"og:site_name\" content=\"Cumbres Preschool Bogot\u00e1\" \/>\n<meta property=\"article:publisher\" content=\"https:\/\/www.facebook.com\/CumbresPreschool\/\" \/>\n<meta property=\"article:modified_time\" content=\"2023-10-10T18:54:58+00:00\" \/>\n<meta property=\"og:image\" content=\"https:\/\/www.cumbresbogota.edu.co\/preescolar\/wp-content\/uploads\/2020\/06\/quienes.jpg\" \/>\n\t<meta property=\"og:image:width\" content=\"1200\" \/>\n\t<meta property=\"og:image:height\" content=\"795\" \/>\n\t<meta property=\"og:image:type\" content=\"image\/jpeg\" \/>\n<meta name=\"twitter:card\" content=\"summary_large_image\" \/>\n<meta name=\"twitter:label1\" content=\"Tiempo de lectura\" \/>\n\t<meta name=\"twitter:data1\" content=\"2 minutos\" \/>\n<script type=\"application\/ld+json\" class=\"yoast-schema-graph\">{\"@context\":\"https:\/\/schema.org\",\"@graph\":[{\"@type\":\"WebPage\",\"@id\":\"https:\/\/www.cumbresbogota.edu.co\/preescolar\/quienes-somos\/\",\"url\":\"https:\/\/www.cumbresbogota.edu.co\/preescolar\/quienes-somos\/\",\"name\":\"\u00bfQui\u00e9nes somos? - Cumbres Preschool Bogot\u00e1\",\"isPartOf\":{\"@id\":\"https:\/\/www.cumbresbogota.edu.co\/preescolar\/#website\"},\"datePublished\":\"2020-06-10T13:40:08+00:00\",\"dateModified\":\"2023-10-10T18:54:58+00:00\",\"description\":\"Pertenecemos a la Red de Colegios de Regnum Christi, una red internacional con m\u00e1s de 65 a\u00f1os de experiencia y presentes en 17 pa\u00edses alrededor del mundo.\",\"breadcrumb\":{\"@id\":\"https:\/\/www.cumbresbogota.edu.co\/preescolar\/quienes-somos\/#breadcrumb\"},\"inLanguage\":\"es\",\"potentialAction\":[{\"@type\":\"ReadAction\",\"target\":[\"https:\/\/www.cumbresbogota.edu.co\/preescolar\/quienes-somos\/\"]}]},{\"@type\":\"BreadcrumbList\",\"@id\":\"https:\/\/www.cumbresbogota.edu.co\/preescolar\/quienes-somos\/#breadcrumb\",\"itemListElement\":[{\"@type\":\"ListItem\",\"position\":1,\"name\":\"Home\",\"item\":\"https:\/\/www.cumbresbogota.edu.co\/preescolar\/\"},{\"@type\":\"ListItem\",\"position\":2,\"name\":\"\u00bfQui\u00e9nes somos?\"}]},{\"@type\":\"WebSite\",\"@id\":\"https:\/\/www.cumbresbogota.edu.co\/preescolar\/#website\",\"url\":\"https:\/\/www.cumbresbogota.edu.co\/preescolar\/\",\"name\":\"Cumbres Preschool Bogot\u00e1\",\"description\":\"Descubriendo su mundo\",\"publisher\":{\"@id\":\"https:\/\/www.cumbresbogota.edu.co\/preescolar\/#organization\"},\"potentialAction\":[{\"@type\":\"SearchAction\",\"target\":{\"@type\":\"EntryPoint\",\"urlTemplate\":\"https:\/\/www.cumbresbogota.edu.co\/preescolar\/?s={search_term_string}\"},\"query-input\":\"required name=search_term_string\"}],\"inLanguage\":\"es\"},{\"@type\":\"Organization\",\"@id\":\"https:\/\/www.cumbresbogota.edu.co\/preescolar\/#organization\",\"name\":\"Cumbres Preschool Bogot\u00e1\",\"url\":\"https:\/\/www.cumbresbogota.edu.co\/preescolar\/\",\"logo\":{\"@type\":\"ImageObject\",\"inLanguage\":\"es\",\"@id\":\"https:\/\/www.cumbresbogota.edu.co\/preescolar\/#\/schema\/logo\/image\/\",\"url\":\"\",\"contentUrl\":\"\",\"caption\":\"Cumbres Preschool Bogot\u00e1\"},\"image\":{\"@id\":\"https:\/\/www.cumbresbogota.edu.co\/preescolar\/#\/schema\/logo\/image\/\"},\"sameAs\":[\"https:\/\/www.facebook.com\/CumbresPreschool\/\",\"https:\/\/www.instagram.com\/cumbrespreschool\/\",\"https:\/\/www.youtube.com\/channel\/UCoDAk6RUyJviQwp3G34MfgQ\"]}]}<\/script>\n<!-- \/ Yoast SEO plugin. -->","yoast_head_json":{"title":"\u00bfQui\u00e9nes somos? - Cumbres Preschool Bogot\u00e1","description":"Pertenecemos a la Red de Colegios de Regnum Christi, una red internacional con m\u00e1s de 65 a\u00f1os de experiencia y presentes en 17 pa\u00edses alrededor del mundo.","robots":{"index":"index","follow":"follow","max-snippet":"max-snippet:-1","max-image-preview":"max-image-preview:large","max-video-preview":"max-video-preview:-1"},"canonical":"https:\/\/www.cumbresbogota.edu.co\/preescolar\/quienes-somos\/","og_locale":"es_ES","og_type":"article","og_title":"\u00bfQui\u00e9nes somos? - Cumbres Preschool Bogot\u00e1","og_description":"Pertenecemos a la Red de Colegios de Regnum Christi, una red internacional con m\u00e1s de 65 a\u00f1os de experiencia y presentes en 17 pa\u00edses alrededor del mundo.","og_url":"https:\/\/www.cumbresbogota.edu.co\/preescolar\/quienes-somos\/","og_site_name":"Cumbres Preschool Bogot\u00e1","article_publisher":"https:\/\/www.facebook.com\/CumbresPreschool\/","article_modified_time":"2023-10-10T18:54:58+00:00","og_image":[{"width":1200,"height":795,"url":"https:\/\/www.cumbresbogota.edu.co\/preescolar\/wp-content\/uploads\/2020\/06\/quienes.jpg","type":"image\/jpeg"}],"twitter_card":"summary_large_image","twitter_misc":{"Tiempo de lectura":"2 minutos"},"schema":{"@context":"https:\/\/schema.org","@graph":[{"@type":"WebPage","@id":"https:\/\/www.cumbresbogota.edu.co\/preescolar\/quienes-somos\/","url":"https:\/\/www.cumbresbogota.edu.co\/preescolar\/quienes-somos\/","name":"\u00bfQui\u00e9nes somos? - Cumbres Preschool Bogot\u00e1","isPartOf":{"@id":"https:\/\/www.cumbresbogota.edu.co\/preescolar\/#website"},"datePublished":"2020-06-10T13:40:08+00:00","dateModified":"2023-10-10T18:54:58+00:00","description":"Pertenecemos a la Red de Colegios de Regnum Christi, una red internacional con m\u00e1s de 65 a\u00f1os de experiencia y presentes en 17 pa\u00edses alrededor del mundo.","breadcrumb":{"@id":"https:\/\/www.cumbresbogota.edu.co\/preescolar\/quienes-somos\/#breadcrumb"},"inLanguage":"es","potentialAction":[{"@type":"ReadAction","target":["https:\/\/www.cumbresbogota.edu.co\/preescolar\/quienes-somos\/"]}]},{"@type":"BreadcrumbList","@id":"https:\/\/www.cumbresbogota.edu.co\/preescolar\/quienes-somos\/#breadcrumb","itemListElement":[{"@type":"ListItem","position":1,"name":"Home","item":"https:\/\/www.cumbresbogota.edu.co\/preescolar\/"},{"@type":"ListItem","position":2,"name":"\u00bfQui\u00e9nes somos?"}]},{"@type":"WebSite","@id":"https:\/\/www.cumbresbogota.edu.co\/preescolar\/#website","url":"https:\/\/www.cumbresbogota.edu.co\/preescolar\/","name":"Cumbres Preschool Bogot\u00e1","description":"Descubriendo su mundo","publisher":{"@id":"https:\/\/www.cumbresbogota.edu.co\/preescolar\/#organization"},"potentialAction":[{"@type":"SearchAction","target":{"@type":"EntryPoint","urlTemplate":"https:\/\/www.cumbresbogota.edu.co\/preescolar\/?s={search_term_string}"},"query-input":"required name=search_term_string"}],"inLanguage":"es"},{"@type":"Organization","@id":"https:\/\/www.cumbresbogota.edu.co\/preescolar\/#organization","name":"Cumbres Preschool Bogot\u00e1","url":"https:\/\/www.cumbresbogota.edu.co\/preescolar\/","logo":{"@type":"ImageObject","inLanguage":"es","@id":"https:\/\/www.cumbresbogota.edu.co\/preescolar\/#\/schema\/logo\/image\/","url":"","contentUrl":"","caption":"Cumbres Preschool Bogot\u00e1"},"image":{"@id":"https:\/\/www.cumbresbogota.edu.co\/preescolar\/#\/schema\/logo\/image\/"},"sameAs":["https:\/\/www.facebook.com\/CumbresPreschool\/","https:\/\/www.instagram.com\/cumbrespreschool\/","https:\/\/www.youtube.com\/channel\/UCoDAk6RUyJviQwp3G34MfgQ"]}]}},"_links":{"self":[{"href":"https:\/\/www.cumbresbogota.edu.co\/preescolar\/wp-json\/wp\/v2\/pages\/1482"}],"collection":[{"href":"https:\/\/www.cumbresbogota.edu.co\/preescolar\/wp-json\/wp\/v2\/pages"}],"about":[{"href":"https:\/\/www.cumbresbogota.edu.co\/preescolar\/wp-json\/wp\/v2\/types\/page"}],"author":[{"embeddable":true,"href":"https:\/\/www.cumbresbogota.edu.co\/preescolar\/wp-json\/wp\/v2\/users\/1"}],"replies":[{"embeddable":true,"href":"https:\/\/www.cumbresbogota.edu.co\/preescolar\/wp-json\/wp\/v2\/comments?post=1482"}],"version-history":[{"count":12,"href":"https:\/\/www.cumbresbogota.edu.co\/preescolar\/wp-json\/wp\/v2\/pages\/1482\/revisions"}],"predecessor-version":[{"id":5322,"href":"https:\/\/www.cumbresbogota.edu.co\/preescolar\/wp-json\/wp\/v2\/pages\/1482\/revisions\/5322"}],"wp:attachment":[{"href":"https:\/\/www.cumbresbogota.edu.co\/preescolar\/wp-json\/wp\/v2\/media?parent=1482"}],"curies":[{"name":"wp","href":"https:\/\/api.w.org\/{rel}","templated":true}]}}